{"id":3,"date":"2024-08-19T04:10:43","date_gmt":"2024-08-19T04:10:43","guid":{"rendered":"https:\/\/www.szentgyorgyialbert.eu\/?page_id=3"},"modified":"2026-01-11T18:46:30","modified_gmt":"2026-01-11T18:46:30","slug":"privacy-policy","status":"publish","type":"page","link":"https:\/\/szentgyorgyialbert.eu\/?page_id=3","title":{"rendered":"Adatkezel\u00e9si t\u00e1j\u00e9koztat\u00f3"},"content":{"rendered":"\n<div style=\"height:8em\" aria-hidden=\"true\" class=\"wp-block-spacer\"><\/div>\n\n\n\n<div class=\"wp-block-group has-newsreader-font-family is-layout-flow wp-container-core-group-is-layout-e44bd35a wp-block-group-is-layout-flow\" style=\"margin-top:var(--wp--preset--spacing--50);margin-bottom:var(--wp--preset--spacing--50);padding-top:0;padding-bottom:0\">\n<h2 class=\"wp-block-heading\">A t\u00e1j\u00e9koztat\u00f3 c\u00e9lja<\/h2>\n\n\n\n<p>A jelen t\u00e1j\u00e9koztat\u00f3 c\u00e9lja, hogy az Eur\u00f3pai Parlament \u00e9s a Tan\u00e1cs (EU) 2016\/679 Rendelete (\u00c1ltal\u00e1nos Adatv\u00e9delmi Rendelet) (tov\u00e1bbiakban: GDPR) szerint t\u00e1j\u00e9koztat\u00e1st ny\u00fajtson a <strong>Szent-Gy\u00f6rgyi Albert Iskola Alap\u00edtv\u00e1ny<\/strong> \u00e1ltal folytatott adatkezel\u00e9sr\u0151l.<\/p>\n\n\n\n<p>A <strong>Szent-Gy\u00f6rgyi Albert Iskola Alap\u00edtv\u00e1ny<\/strong> (a tov\u00e1bbiakban: Adatkezel\u0151) tev\u00e9kenys\u00e9ge, valamint a <strong>szentgyorgyialbert.eu<\/strong> weboldal (a tov\u00e1bbiakban: weboldal) m\u0171k\u00f6dtet\u00e9se sor\u00e1n szem\u00e9lyes adatait kezelheti.<\/p>\n\n\n\n<h2 class=\"wp-block-heading\">Az adatkezel\u0151 megnevez\u00e9se<\/h2>\n\n\n\n<figure class=\"wp-block-table\"><table class=\"has-fixed-layout\"><tbody><tr><td>N\u00e9v:<\/td><td>Szent-Gy\u00f6rgyi Albert Iskola Alap\u00edtv\u00e1ny<\/td><\/tr><tr><td>Sz\u00e9khely:<\/td><td>2142 Nagytarcsa, Sport utca 23.<\/td><\/tr><tr><td>Ad\u00f3sz\u00e1m:<\/td><td>18162675-1-42<\/td><\/tr><tr><td>E-mail c\u00edm:<\/td><td>info kukac szentgyorgyialbert.eu<\/td><\/tr><\/tbody><\/table><\/figure>\n\n\n\n<h2 class=\"wp-block-heading\">A kezelt szem\u00e9lyes adatok k\u00f6re<\/h2>\n\n\n\n<p>T\u00e1mogat\u00e1sokhoz kapcsol\u00f3d\u00f3an a k\u00f6vetkez\u0151 szem\u00e9lyes adat\u00e1t kezelj\u00fck:<br>&#8211; n\u00e9v<\/p>\n\n\n\n<h2 class=\"wp-block-heading\">Az adatkezel\u00e9s jogalapja, c\u00e9lja \u00e9s m\u00f3dja<\/h2>\n\n\n\n<p>T\u00e1mogat\u00e1s<\/p>\n\n\n\n<p>Az adatkezel\u00e9s jogalapja: a GDPR) 6. cikk (1) bekezd\u00e9s a) pontja szerint az \u00e9rintettet \u00f6nk\u00e9ntes hozz\u00e1j\u00e1rul\u00e1sa.<\/p>\n\n\n\n<p>Az adatkezel\u00e9sre az \u00d6n \u00f6nk\u00e9ntes, megfelel\u0151 t\u00e1j\u00e9koztat\u00e1son alapul\u00f3 hozz\u00e1j\u00e1rul\u00e1sa alapj\u00e1n ker\u00fcl sor, amely nyilatkozat\u00e1val \u00d6n kifejezett hozz\u00e1j\u00e1rul\u00e1s\u00e1t adja ahhoz, hogy a t\u00e1mogat\u00e1s sor\u00e1n k\u00f6z\u00f6lt szem\u00e9lyes adatait az Adatkezel\u0151 a t\u00e1mogat\u00f3k nyilv\u00e1ntart\u00e1sa \u00e9rdek\u00e9ben kezelje.<\/p>\n\n\n\n<p>A hozz\u00e1j\u00e1rul\u00e1st \u00d6n a t\u00e1mogat\u00e1sra vonatkoz\u00f3 adatkezel\u00e9s tekintet\u00e9ben a t\u00e1mogat\u00e1s elk\u00fcld\u00e9se sor\u00e1n, a k\u00e9rd\u00e9ses adatok \u00f6nk\u00e9ntes megad\u00e1s\u00e1val \u00e9s a t\u00e1mogat\u00e1s elk\u00fcld\u00e9s\u00e9vel adja meg.<\/p>\n\n\n\n<p>Az adatkezel\u00e9s c\u00e9lja a t\u00e1mogat\u00f3k nyilv\u00e1ntart\u00e1sa. Adatkezel\u0151 az \u00d6n \u00e1ltal rendelkez\u00e9sre bocs\u00e1tott adatokat c\u00e9lhoz k\u00f6t\u00f6tten, egy\u00e9b m\u00e1s tev\u00e9kenys\u00e9gre nem haszn\u00e1lja.<\/p>\n\n\n\n<h2 class=\"wp-block-heading\">Be\u00e1gyazott tartalom m\u00e1s weboldalakr\u00f3l<\/h2>\n\n\n\n<p>Az oldalon tal\u00e1lhat\u00f3 tartalmak tartalmazhatnak m\u00e1s weboldalakr\u00f3l sz\u00e1rmaz\u00f3 be\u00e1gyazott tartalmakat (p\u00e9ld\u00e1ul vide\u00f3kat, k\u00e9peket, cikkeket stb.). Az ilyen be\u00e1gyazott tartalmak pontosan \u00fagy viselkednek, mintha a l\u00e1togat\u00f3 k\u00f6zvetlen\u00fcl az adott m\u00e1sik weboldalt l\u00e1togatta volna meg.<\/p>\n\n\n\n<p>Ezek a weboldalak adatokat gy\u0171jthetnek \u00d6nr\u0151l, cookie-kat haszn\u00e1lhatnak, tov\u00e1bbi harmadik f\u00e9lt\u0151l sz\u00e1rmaz\u00f3 k\u00f6vet\u0151k\u00f3dokat \u00e1gyazhatnak be, valamint figyelhetik az \u00d6n interakci\u00f3it a be\u00e1gyazott tartalommal, bele\u00e9rtve azt is, ha \u00d6n rendelkezik felhaszn\u00e1l\u00f3i fi\u00f3kkal az adott weboldalon, \u00e9s be van jelentkezve.<\/p>\n\n\n\n<h2 class=\"wp-block-heading\">Az adatkezel\u00e9s id\u0151tartama<\/h2>\n\n\n\n<p>Az Adatkezel\u0151 a szem\u00e9lyes adatokat az al\u00e1bbi id\u0151tartamig kezeli:<\/p>\n\n\n\n<p>1. H\u00edrlev\u00e9lre feliratkoz\u00e1s eset\u00e9n az arr\u00f3l t\u00f6rt\u00e9n\u0151 leiratkoz\u00e1sig;<\/p>\n\n\n\n<p>2. T\u00e1mogat\u00e1s eset\u00e9n az utols\u00f3 t\u00e1mogat\u00e1s teljes\u00edt\u00e9s\u00e9t\u0151l sz\u00e1m\u00edtott egy \u00e9vig vagy az adataira vonatkoz\u00f3 t\u00f6rl\u00e9si k\u00e9relm\u00e9ig -r\u00e9szletesen a <a href=\"https:\/\/www.donably.com\/hu\/privacy-policy\">https:\/\/www.donably.com\/hu\/privacy-policy<\/a> weboldalon t\u00e1j\u00e9koz\u00f3dhat.<\/p>\n\n\n\n<h2 class=\"wp-block-heading\">Az adatokat megismer\u0151 szem\u00e9lyek k\u00f6re, adattov\u00e1bb\u00edt\u00e1s, adatfeldolgoz\u00e1s<\/h2>\n\n\n\n<p>Az adatokat az Adatkezel\u0151, illetve Adatkezel\u0151 azon bels\u0151 munkat\u00e1rsai jogosultak megismerni, akiknek az adat megismer\u00e9se \u00e9s kezel\u00e9se a munkak\u00f6ri feladataihoz kapcsol\u00f3dik.<\/p>\n\n\n\n<p>A szem\u00e9lyes adatokat az Adatkezel\u0151 harmadik szem\u00e9ly sz\u00e1m\u00e1ra az \u00d6n el\u0151zetes hozz\u00e1j\u00e1rul\u00e1sa n\u00e9lk\u00fcl nem tov\u00e1bb\u00edtja.<\/p>\n\n\n\n<p>Az Adatkezel\u0151 a tev\u00e9kenys\u00e9ge sor\u00e1n adatfeldolgoz\u00f3kat alkalmaz, akiknek a szem\u00e9lyes adatokat adatfeldolgoz\u00e1s c\u00e9lj\u00e1b\u00f3l tov\u00e1bb\u00edthatja. Az Adatfeldolgoz\u00f3k az adatkezel\u00e9st az Adatkezel\u0151 utas\u00edt\u00e1sai szerint v\u00e9gzik, az adatkezel\u00e9st \u00e9rint\u0151 \u00e9rdemi d\u00f6nt\u00e9st nem hozhatnak a tudom\u00e1sukra jutott szem\u00e9lyes adatokat kiz\u00e1r\u00f3lag az Adatkezel\u0151 rendelkez\u00e9sei szerint dolgozhatj\u00e1k fel, saj\u00e1t c\u00e9lj\u00e1ra adatfeldolgoz\u00e1st nem v\u00e9gezhetnek, tov\u00e1bb\u00e1 a szem\u00e9lyes adatokat az Adatkezel\u0151 rendelkez\u00e9sei szerint k\u00f6telesek t\u00e1rolni, meg\u0151rizni \u00e9s t\u00f6r\u00f6lni. Az adatfeldolgoz\u00e1s sor\u00e1n az adatokat az adatfeldolgoz\u00f3k munkav\u00e1llal\u00f3i ismerhetik meg.<\/p>\n\n\n\n<p>Nem tov\u00e1bb\u00edtunk adatokat harmadik f\u00e9lnek.<\/p>\n\n\n\n<h2 class=\"wp-block-heading\">A Weboldal haszn\u00e1lat\u00e1val \u00e9s m\u0171k\u00f6d\u00e9s\u00e9vel kapcsolatos technikai jelleg\u0171 adatkezel\u00e9s<\/h2>\n\n\n\n<p>A weboldal s\u00fctiket \u00e9s hozz\u00e1 hasonl\u00f3 technol\u00f3gi\u00e1kat haszn\u00e1l az elj\u00e1r\u00e1sok megfelel\u0151 m\u0171k\u00f6d\u00e9s\u00e9nek biztos\u00edt\u00e1sa \u00e9s az online applik\u00e1ci\u00f3k haszn\u00e1lat\u00e1val \u00f6sszef\u00fcgg\u0151 \u00e9lm\u00e9ny jav\u00edt\u00e1sa \u00e9rdek\u00e9ben. Ez a t\u00e1j\u00e9koztat\u00f3 r\u00e9szletes inform\u00e1ci\u00f3kat ny\u00fajt a s\u00fctikr\u0151l \u00e9s a hozz\u00e1 hasonl\u00f3 technol\u00f3gi\u00e1kr\u00f3l, illetve arr\u00f3l, hogyan haszn\u00e1lja \u00e9s kezeli \u0151ket a weboldal.<\/p>\n\n\n\n<p><br>Meghat\u00e1roz\u00e1sok: A s\u00fctik olyan r\u00f6vid sz\u00f6vegr\u00e9szletek (bet\u0171k \u00e9s\/vagy sz\u00e1mok), melyek lehet\u0151v\u00e9 teszik a webszerver sz\u00e1m\u00e1ra, hogy a cliensen (illetve b\u00f6ng\u00e9sz\u0151ben) elments\u00e9k az ugyanazon weboldal l\u00e1togat\u00e1sa sor\u00e1n \u00fajb\u00f3l (munkar\u00e9sz s\u00fctik) vagy a k\u00e9s\u0151bbiekben, ak\u00e1r napokkal k\u00e9s\u0151bbi l\u00e1togat\u00e1s sor\u00e1n is felhaszn\u00e1lhat\u00f3 inform\u00e1ci\u00f3kat (tart\u00f3s s\u00fctik). A s\u00fctiket, a felhaszn\u00e1l\u00f3 preferenci\u00e1j\u00e1t\u00f3l f\u00fcgg\u0151en, a b\u00f6ng\u00e9sz\u0151 menti el az adott eszk\u00f6z\u00f6n (sz\u00e1m\u00edt\u00f3g\u00e9p, tablet, okostelefon). Ehhez hasonl\u00f3 technol\u00f3gi\u00e1k, \u00fagy mint a web beacon (webjelz\u0151k), \u00e1tl\u00e1tsz\u00f3 GIF-ek \u00e9s a helyi t\u00e1r minden form\u00e1ja felhaszn\u00e1lhat\u00f3 a felhaszn\u00e1l\u00f3 viselked\u00e9s\u00e9vel \u00e9s a szolg\u00e1ltat\u00e1sok felhaszn\u00e1l\u00e1s\u00e1val kapcsolatos inform\u00e1ci\u00f3k \u00f6sszegy\u0171jt\u00e9s\u00e9re. A T\u00e1j\u00e9koztat\u00f3 a tov\u00e1bbiakban a s\u00fctiket \u00e9s az \u00f6sszes, hozz\u00e1 hasonl\u00f3an haszn\u00e1lt technol\u00f3gi\u00e1t &#8222;s\u00fcti&#8221; n\u00e9ven eml\u00edti.<br><\/p>\n\n\n\n<p>S\u00fcti t\u00edpusok<br><br>A s\u00fctik tulajdons\u00e1ga \u00e9s felhaszn\u00e1l\u00e1sa alapj\u00e1n az al\u00e1bbi kateg\u00f3ri\u00e1k k\u00fcl\u00f6nb\u00f6ztethet\u0151k meg:<\/p>\n\n\n\n<p><br>&#8211; Felt\u00e9tlen\u00fcl sz\u00fcks\u00e9ges s\u00fctik: a weboldal megfelel\u0151 m\u0171k\u00f6d\u00e9se szempontj\u00e1b\u00f3l elengedhetetlen s\u00fctik, melyek a bejelentkez\u00e9s-\u00e9s a weboldal bizalmas funkci\u00f3iba t\u00f6rt\u00e9n\u0151 bel\u00e9p\u00e9s kezel\u00e9s\u00e9hez sz\u00fcks\u00e9gesek -amennyiben a bejelentkez\u00e9si funkci\u00f3 akt\u00edv. A s\u00fcti \u00e9lettartama szigor\u00faan a munkamenetre korl\u00e1toz\u00f3dik (a b\u00f6ng\u00e9sz\u0151 bez\u00e1r\u00e1s\u00e1val t\u00f6rl\u0151dnek).<\/p>\n\n\n\n<p><br>&#8211; Elemz\u0151 \u00e9s szolg\u00e1ltat\u00e1si s\u00fctik: a weboldal l\u00e1togatotts\u00e1g\u00e1val \u00e9s haszn\u00e1lat\u00e1val \u00f6sszef\u00fcgg\u0151 inform\u00e1ci\u00f3k \u00f6sszegy\u0171jt\u00e9s\u00e9re \u00e9s elemz\u00e9s\u00e9re szolg\u00e1lnak, n\u00e9vtelen\u00fcl. Ezek a s\u00fctik a felhaszn\u00e1l\u00f3 azonos\u00edt\u00e1sa n\u00e9lk\u00fcl lehet\u0151v\u00e9 teszik p\u00e9ld\u00e1ul annak m\u00e9r\u00e9s\u00e9t, hogy az adott felhaszn\u00e1l\u00f3 a k\u00e9s\u0151bbi id\u0151pontokban kapcsol\u00f3dik-e a weboldalra. Ezen k\u00edv\u00fcl lehet\u0151v\u00e9 teszik a rendszer monitoroz\u00e1s\u00e1t, illetve teljes\u00edtm\u00e9ny\u00e9nek \u00e9s felhaszn\u00e1lhat\u00f3s\u00e1g\u00e1nak jav\u00edt\u00e1s\u00e1t. Lehet\u0151s\u00e9g van a s\u00fctik kiiktat\u00e1s\u00e1ra a m\u0171k\u00f6d\u00e9s elveszt\u00e9se n\u00e9lk\u00fcl.<\/p>\n\n\n\n<p><br>&#8211; Profil s\u00fctik: olyan tart\u00f3s s\u00fctik, amelyeket (n\u00e9vtelen\u00fcl vagy n\u00e9vvel) a felhaszn\u00e1l\u00f3 preferenci\u00e1inak felismer\u00e9s\u00e9re, illetve b\u00f6ng\u00e9sz\u00e9si \u00e9lm\u00e9ny\u00e9nek jav\u00edt\u00e1s\u00e1ra haszn\u00e1lnak.<\/p>\n\n\n\n<p><br>A cookiek hossza<br>N\u00e9h\u00e1ny s\u00fcti (munkameneti s\u00fcti) csak a b\u00f6ng\u00e9sz\u0151 bez\u00e1r\u00e1sig vagy a logout parancs elv\u00e9gz\u00e9s\u00e9ig marad akt\u00edv. M\u00e1s s\u00fctik &#8222;t\u00fal\u00e9lik&#8221; a b\u00f6ng\u00e9sz\u0151 bez\u00e1r\u00e1s\u00e1t \u00e9s a felhaszn\u00e1l\u00f3 k\u00e9s\u0151bbi l\u00e1togat\u00e1sa sor\u00e1n is rendelkez\u00e9sre \u00e1llnak. Ezek az \u00fan. tart\u00f3s s\u00fctik \u00e9s hosszukat a szerver hat\u00e1rozza meg l\u00e9trehoz\u00e1suk pillanat\u00e1ban. N\u00e9h\u00e1ny esetben lej\u00e1rati hat\u00e1rid\u0151 van kit\u0171zve, m\u00e1s esetekben hosszuk korl\u00e1tlan idej\u0171.<\/p>\n\n\n\n<p><br>A s\u00fctik kezel\u00e9se<br>A felhaszn\u00e1l\u00f3, saj\u00e1t b\u00f6ng\u00e9sz\u0151j\u00e9nek be\u00e1ll\u00edt\u00e1saival d\u00f6nthet arr\u00f3l, hogy elfogadja vagy sem a s\u00fctik haszn\u00e1lat\u00e1t.<\/p>\n\n\n\n<p><br>Figyelem: a m\u0171szaki s\u00fctik teljes vagy r\u00e9szleges kiiktat\u00e1sa vesz\u00e9lybe sodorhatja a weboldal szolg\u00e1ltat\u00e1sainak regisztr\u00e1lt felhaszn\u00e1l\u00f3k r\u00e9sz\u00e9re fenntartott haszn\u00e1lat\u00e1t. &#8222;Harmadik felek&#8221; s\u00fctijeinek kiiktat\u00e1sa nem vesz\u00e9lyezteti a b\u00f6ng\u00e9sz\u00e9st.<\/p>\n\n\n\n<p><br>A be\u00e1ll\u00edt\u00e1s elt\u00e9r\u0151 m\u00f3dokon megadhat\u00f3 a k\u00fcl\u00f6nb\u00f6z\u0151 holnapokhoz \u00e9s applik\u00e1ci\u00f3khoz. A b\u00f6ng\u00e9sz\u0151k elt\u00e9r\u0151 be\u00e1ll\u00edt\u00e1sokat tesznek lehet\u0151v\u00e9 a &#8222;tulajdonosi&#8221; \u00e9s &#8222;harmadik felek&#8221; s\u00fctijeihez.<\/p>\n\n\n\n<h2 class=\"wp-block-heading\">\u00c9rintett jogai \u00e9s jog\u00e9rv\u00e9nyes\u00edt\u00e9si lehet\u0151s\u00e9gei<\/h2>\n\n\n\n<p>Hozz\u00e1f\u00e9r\u00e9s joga: az \u00c9rintett jogosult arra, hogy az Adatkezel\u0151t\u0151l t\u00e1j\u00e9koztat\u00e1st k\u00e9rjen arr\u00f3l, hogy szem\u00e9lyes adatai kezel\u00e9se az Adatkezel\u0151n\u00e9l folyamatban van-e. Az \u00e9rintett jogosult az Adatkezel\u0151 \u00e1ltal kezelt szem\u00e9lyes adataihoz hozz\u00e1f\u00e9rni. Az \u00c9rintett jogosult tov\u00e1bb\u00e1 hozz\u00e1f\u00e9rni azokhoz az inform\u00e1ci\u00f3khoz is, melyeket jelen t\u00e1j\u00e9koztat\u00f3 tartalmaz.<\/p>\n\n\n\n<p>Helyesb\u00edt\u00e9shez val\u00f3 jog: az \u00c9rintett jogosult arra, hogy az Adatkezel\u0151 indokolatlan k\u00e9sedelem n\u00e9lk\u00fcl helyesb\u00edtse a r\u00e1 vonatkoz\u00f3 pontatlan szem\u00e9lyes adatokat, vagy a hi\u00e1nyos szem\u00e9lyes adatok kieg\u00e9sz\u00edt\u00e9s\u00e9t k\u00e9rje.\u00f6rl\u00e9shez (\u201celfeledtet\u00e9shez\u201d) val\u00f3 jog: az \u00c9rintett jogosult arra, hogy k\u00e9r\u00e9s\u00e9re az adatkezel\u0151 indokolatlan k\u00e9sedelem n\u00e9lk\u00fcl t\u00f6r\u00f6lje a r\u00e1 vonatkoz\u00f3 szem\u00e9lyes adatokat. T\u00f6rl\u00e9si k\u00e9relem eset\u00e9n az Adatkezel\u0151 megvizsg\u00e1lja, hogy az adatkezel\u00e9snek mi a pontos jogalapja (van-e a hozz\u00e1j\u00e1rul\u00e1son k\u00edv\u00fcl m\u00e1s jogalapja), \u00e9s ha a t\u00f6rl\u00e9s felt\u00e9telei fenn\u00e1llnak t\u00f6rli az adatokat. T\u00f6rl\u00e9s eset\u00e9ben az Adatkezel\u0151 gondoskodik arr\u00f3l, hogy mindazok t\u00f6r\u00f6lj\u00e9k az adatokat, akikhez az adat az Adatkezel\u0151n kereszt\u00fcl eljutott.<\/p>\n\n\n\n<p>Korl\u00e1toz\u00e1shoz val\u00f3 jog: az \u00c9rintett jogosult arra, hogy az adatkezel\u00e9s korl\u00e1toz\u00e1s\u00e1t k\u00e9rje, ha vitatja az adatkezel\u00e9s pontoss\u00e1g\u00e1t, jogellenes adatkezel\u00e9s eset\u00e9n az adatok t\u00f6rl\u00e9s\u00e9t ellenzi, az adatkezel\u0151nek m\u00e1r nincs sz\u00fcks\u00e9ge az adatra de az \u00e9rintett ig\u00e9nyli azokat jog\u00e9rv\u00e9nyes\u00edt\u00e9s c\u00e9lj\u00e1b\u00f3l, vagy az \u00e9rintett a tiltakoz\u00e1si jog\u00e1val \u00e9rt az adatkezel\u00e9s ellen. A korl\u00e1toz\u00e1s felold\u00e1s\u00e1r\u00f3l az Adatkezel\u0151 az \u00c9rintettet el\u0151zetesen t\u00e1j\u00e9koztatja. Az Adatkezel\u0151 t\u00e1j\u00e1koztatja valamennyi c\u00edmzetett a korl\u00e1toz\u00e1sr\u00f3l, akivel a szem\u00e9lyes adatot k\u00f6z\u00f6lt\u00e9k.<\/p>\n\n\n\n<p>Adathordozhat\u00f3s\u00e1ghoz val\u00f3 jog: az \u00c9rintett jogosult arra, hogy a r\u00e1 vonatkoz\u00f3 szem\u00e9lyes adatokat tagolt, sz\u00e9les k\u00f6rben haszn\u00e1lt, g\u00e9ppel olvashat\u00f3 form\u00e1tumban megkapja, ezeket m\u00e1sik adatkezel\u0151nek tov\u00e1bb\u00edtsa (vagy tov\u00e1bb\u00edttassa az adatekezl\u0151vel ha ez technikailag megval\u00f3s\u00edthat\u00f3). Ez a jog abban az esetben illeti meg az \u00c9rintetette, ha az adatkezel\u00e9s hozz\u00e1j\u00e1rul\u00e1son vagy szerz\u0151d\u00e9sen alapul \u00e9s az adatkezel\u00e9s automatiz\u00e1lt m\u00f3don t\u00f6rt\u00e9nik.<\/p>\n\n\n\n<p>Tiltakoz\u00e1shoz val\u00f3 jog: az \u00c9rintett jogosult arra, hogy saj\u00e1t helyzet\u00e9vel kapcsolatos okokb\u00f3l b\u00e1rmikor tiltakozzon az adatkezl\u00e9s ellen, ha az k\u00f6z\u00e9rdek\u0171 vagy az adatkezel\u0151re ruh\u00e1zott k\u00f6zhatalmi jogos\u00edtv\u00e1ny keret\u00e9ben v\u00e9gzett feladat v\u00e9grehajt\u00e1s\u00e1hoz sz\u00fcks\u00e9ges, vagy ha az adatkezel\u00e9s jogalapja az Adatkezel\u0151 vagy harmadik f\u00e9l jogos \u00e9rdeke (ide\u00e9rtve a profilalkot\u00e1st is). Az Adatkezel\u0151 direkt marketing (rekl\u00e1maj\u00e1nlatok k\u00fcld\u00e9se) \u00e9s profilalkot\u00e1si tev\u00e9kenys\u00e9g\u00e9vel kapcsolatban az \u00e9rintett b\u00e1rmikor tiltakozhat.<\/p>\n\n\n\n<p>Az Adatkezel\u0151 a k\u00e9relem beny\u00fajt\u00e1s\u00e1t\u00f3l sz\u00e1m\u00edtott legr\u00f6videbb id\u0151 alatt (indokolatlan k\u00e9sedelem n\u00e9lk\u00fcl), legfeljebb azonban egy h\u00f3napon bel\u00fcl az \u00e9rintett erre ir\u00e1nyul\u00f3 k\u00e9relm\u00e9re \u00edr\u00e1sban megadja a k\u00e9rt t\u00e1j\u00e9koztat\u00e1st, illetve a hozz\u00e1j\u00e1rul\u00e1s visszavon\u00e1sa eset\u00e9n t\u00f6rli az adatokat. Az Adatkezel\u0151 helyesb\u00edt\u00e9s, t\u00f6rl\u00e9s eset\u00e9n minden olyan c\u00edmzettet t\u00e1j\u00e9koztat, akivel az adatot k\u00f6z\u00f6lt\u00e9k.<\/p>\n\n\n\n<p>Ha az Adatkezel\u0151 az \u00e9rintett k\u00e9r\u00e9s\u00e9nek nem tud eleget tenni, err\u0151l az \u00c9rintettet egy h\u00f3napon bel\u00fcl t\u00e1j\u00e9koztatja.<\/p>\n\n\n\n<p>Az Adatkezel\u0151 t\u00e1j\u00e9koztatja az \u00e9rintetteket, hogy az adatok kezel\u00e9s\u00e9hez t\u00f6rt\u00e9n\u0151 hozz\u00e1j\u00e1rul\u00e1s visszavon\u00e1sa nem \u00e9rinti a visszavon\u00e1s el\u0151tt a hozz\u00e1j\u00e1rul\u00e1s alapj\u00e1n v\u00e9grehajtott adatkezel\u00e9s jogszer\u0171s\u00e9g\u00e9t.<\/p>\n\n\n\n<p>Az \u00e9rintett adatkezel\u00e9shez kapcsol\u00f3d\u00f3 jogait az Adatkezel\u0151&nbsp;<strong>info kukac szentgyorgyialbert.eu<\/strong>&nbsp;email c\u00edm\u00e9n gyakorolhatja.<\/p>\n\n\n\n<p>Az \u00e9rintett jogorvoslati ig\u00e9nye eset\u00e9n a Nemzeti Adatv\u00e9delmi \u00e9s Inform\u00e1ci\u00f3szabads\u00e1g Hat\u00f3s\u00e1ghoz (1055 Budapest, Falk Miksa utca 9-11, postac\u00edm: 1374 Budapest, Pf.: 603., www.naih.hu, telefon: +36 (1) 391-1400, fax: +36 (1) 391-1410,&nbsp;ugyfelszolgalat@naih.hu), vagy v\u00e1laszt\u00e1sa szerint az Adatkezel\u0151 sz\u00e9kehelye, az \u00e9rintett lak\u00f3helye vagy tart\u00f3zkod\u00e1si helye szerint illet\u00e9kes t\u00f6rv\u00e9nysz\u00e9khez fordulhat.<\/p>\n\n\n\n<h2 class=\"wp-block-heading\">Egy\u00e9b rendelkez\u00e9sek<\/h2>\n\n\n\n<p>Adatkezel\u0151 k\u00f6telezi mag\u00e1t, hogy gondoskodik az adatok biztons\u00e1g\u00e1r\u00f3l, megteszi tov\u00e1bb\u00e1 azokat a technikai int\u00e9zked\u00e9seket, amelyek biztos\u00edtj\u00e1k, hogy a felvett, t\u00e1rolt, illetve kezelt adatok v\u00e9dettek legyenek, illet\u0151leg mindent megtesz annak \u00e9rdek\u00e9ben, hogy megakad\u00e1lyozza azok megsemmis\u00fcl\u00e9s\u00e9t, jogosulatlan felhaszn\u00e1l\u00e1s\u00e1t \u00e9s jogosulatlan megv\u00e1ltoztat\u00e1s\u00e1t. K\u00f6telezi mag\u00e1t arra is, hogy minden olyan harmadik felet, akiknek az adatokat esetlegesen tov\u00e1bb\u00edtja vagy \u00e1tadja, ugyancsak felh\u00edvja ez ir\u00e1ny\u00fa k\u00f6telezetts\u00e9geinek teljes\u00edt\u00e9s\u00e9re.Adatkezel\u0151 fenntartja a jogot, hogy az adatkezel\u00e9sre vonatkoz\u00f3 szab\u00e1lyokat \u00e9s t\u00e1j\u00e9koztat\u00e1sokat a weboldal\u00e1n t\u00f6rt\u00e9n\u0151 \u00e9rtes\u00edt\u00e9s mellett egyoldal\u00faan m\u00f3dos\u00edtsa.<\/p>\n<\/div>\n","protected":false},"excerpt":{"rendered":"<p>A t\u00e1j\u00e9koztat\u00f3 c\u00e9lja A jelen t\u00e1j\u00e9koztat\u00f3 c\u00e9lja, hogy az Eur\u00f3pai Parlament \u00e9s a Tan\u00e1cs (EU) 2016\/679 Rendelete (\u00c1ltal\u00e1nos Adatv\u00e9delmi Rendelet) (tov\u00e1bbiakban: GDPR) szerint t\u00e1j\u00e9koztat\u00e1st ny\u00fajtson a Szent-Gy\u00f6rgyi Albert Iskola Alap\u00edtv\u00e1ny \u00e1ltal folytatott adatkezel\u00e9sr\u0151l. A Szent-Gy\u00f6rgyi Albert Iskola Alap\u00edtv\u00e1ny (a tov\u00e1bbiakban: Adatkezel\u0151) tev\u00e9kenys\u00e9ge, valamint a szentgyorgyialbert.eu weboldal (a tov\u00e1bbiakban: weboldal) m\u0171k\u00f6dtet\u00e9se sor\u00e1n szem\u00e9lyes adatait kezelheti. Az [&hellip;]<\/p>\n","protected":false},"author":1,"featured_media":0,"parent":0,"menu_order":0,"comment_status":"closed","ping_status":"open","template":"","meta":{"footnotes":""},"class_list":["post-3","page","type-page","status-publish","hentry"],"_links":{"self":[{"href":"https:\/\/szentgyorgyialbert.eu\/index.php?rest_route=\/wp\/v2\/pages\/3","targetHints":{"allow":["GET"]}}],"collection":[{"href":"https:\/\/szentgyorgyialbert.eu\/index.php?rest_route=\/wp\/v2\/pages"}],"about":[{"href":"https:\/\/szentgyorgyialbert.eu\/index.php?rest_route=\/wp\/v2\/types\/page"}],"author":[{"embeddable":true,"href":"https:\/\/szentgyorgyialbert.eu\/index.php?rest_route=\/wp\/v2\/users\/1"}],"replies":[{"embeddable":true,"href":"https:\/\/szentgyorgyialbert.eu\/index.php?rest_route=%2Fwp%2Fv2%2Fcomments&post=3"}],"version-history":[{"count":9,"href":"https:\/\/szentgyorgyialbert.eu\/index.php?rest_route=\/wp\/v2\/pages\/3\/revisions"}],"predecessor-version":[{"id":326,"href":"https:\/\/szentgyorgyialbert.eu\/index.php?rest_route=\/wp\/v2\/pages\/3\/revisions\/326"}],"wp:attachment":[{"href":"https:\/\/szentgyorgyialbert.eu\/index.php?rest_route=%2Fwp%2Fv2%2Fmedia&parent=3"}],"curies":[{"name":"wp","href":"https:\/\/api.w.org\/{rel}","templated":true}]}}