{"id":351,"date":"2026-01-12T14:42:10","date_gmt":"2026-01-12T14:42:10","guid":{"rendered":"https:\/\/szentgyorgyialbert.eu\/?page_id=351"},"modified":"2026-01-13T10:00:16","modified_gmt":"2026-01-13T10:00:16","slug":"ado-1","status":"publish","type":"page","link":"https:\/\/szentgyorgyialbert.eu\/?page_id=351","title":{"rendered":"AD\u00d3 1%"},"content":{"rendered":"\n<div class=\"wp-block-cover alignfull is-light has-text-color has-link-color has-newsreader-font-family wp-elements-43cde211c185ecae943acc1da363a787\" style=\"color:#ededed;margin-top:0;margin-bottom:0;padding-top:var(--wp--preset--spacing--50);padding-right:var(--wp--preset--spacing--50);padding-bottom:var(--wp--preset--spacing--50);padding-left:var(--wp--preset--spacing--50);min-height:100vh;aspect-ratio:unset;\"><img loading=\"lazy\" decoding=\"async\" width=\"1024\" height=\"1024\" class=\"wp-block-cover__image-background wp-image-352 size-large\" alt=\"\" src=\"https:\/\/szentgyorgyialbert.eu\/wp-content\/uploads\/2026\/01\/crayons-scissor-highlighter-stapler-eraser-arranged-yellow-surface-1024x1024.webp\" data-object-fit=\"cover\" srcset=\"https:\/\/szentgyorgyialbert.eu\/wp-content\/uploads\/2026\/01\/crayons-scissor-highlighter-stapler-eraser-arranged-yellow-surface-1024x1024.webp 1024w, https:\/\/szentgyorgyialbert.eu\/wp-content\/uploads\/2026\/01\/crayons-scissor-highlighter-stapler-eraser-arranged-yellow-surface-300x300.webp 300w, https:\/\/szentgyorgyialbert.eu\/wp-content\/uploads\/2026\/01\/crayons-scissor-highlighter-stapler-eraser-arranged-yellow-surface-150x150.webp 150w, https:\/\/szentgyorgyialbert.eu\/wp-content\/uploads\/2026\/01\/crayons-scissor-highlighter-stapler-eraser-arranged-yellow-surface-768x768.webp 768w, https:\/\/szentgyorgyialbert.eu\/wp-content\/uploads\/2026\/01\/crayons-scissor-highlighter-stapler-eraser-arranged-yellow-surface-1536x1536.webp 1536w, https:\/\/szentgyorgyialbert.eu\/wp-content\/uploads\/2026\/01\/crayons-scissor-highlighter-stapler-eraser-arranged-yellow-surface-2048x2048.webp 2048w\" sizes=\"auto, (max-width: 1024px) 100vw, 1024px\" \/><span aria-hidden=\"true\" class=\"wp-block-cover__background has-contrast-background-color has-background-dim-20 has-background-dim\"><\/span><div class=\"wp-block-cover__inner-container has-global-padding is-layout-constrained wp-container-core-cover-is-layout-b25ccd55 wp-block-cover-is-layout-constrained\">\n<div class=\"wp-block-group alignwide is-vertical is-content-justification-stretch is-layout-flex wp-container-core-group-is-layout-d916edc7 wp-block-group-is-layout-flex\" style=\"min-height:100vh;margin-top:var(--wp--preset--spacing--50);margin-bottom:var(--wp--preset--spacing--50)\">\n<div style=\"height:59px\" aria-hidden=\"true\" class=\"wp-block-spacer wp-container-content-6728adf5\"><\/div>\n\n\n\n<div class=\"wp-block-columns alignwide is-layout-flex wp-container-core-columns-is-layout-076b8e0d wp-block-columns-is-layout-flex\">\n<div class=\"wp-block-column is-vertically-aligned-center is-style-default has-border-color has-background is-layout-flow wp-container-core-column-is-layout-0c2bfaed wp-block-column-is-layout-flow\" style=\"border-color:#c0c0c07a;border-width:1px;border-top-left-radius:15px;border-top-right-radius:15px;border-bottom-left-radius:15px;border-bottom-right-radius:15px;background-color:#1212123d;padding-top:var(--wp--preset--spacing--50);padding-right:var(--wp--preset--spacing--40);padding-bottom:var(--wp--preset--spacing--50);padding-left:var(--wp--preset--spacing--40);flex-basis:50%\">\n<h2 class=\"wp-block-heading\" style=\"font-size:clamp(1.403rem, 1.403rem + ((1vw - 0.2rem) * 1.407), 2.3rem);font-style:normal;font-weight:200\">Mire haszn\u00e1ltuk<\/h2>\n\n\n\n<p>fel eddig t\u00f6bbek k\u00f6z\u00f6tt a felaj\u00e1nlott j\u00f6vedelemad\u00f3k 1%-\u00e1t?<\/p>\n\n\n\n<hr class=\"wp-block-separator has-alpha-channel-opacity\"\/>\n\n\n\n<p>\u25b8 az iskola kultur\u00e1lis \u00e9let\u00e9nek t\u00e1mogat\u00e1s\u00e1ra,<\/p>\n\n\n\n<p>\u25b8 a di\u00e1kok oktat\u00e1s\u00e1nak t\u00e1mogat\u00e1s\u00e1ra, k\u00fcl\u00f6n\u00f6s tekintettel a nyelvoktat\u00e1sra,<\/p>\n\n\n\n<p>\u25b8 sz\u00e1m\u00edt\u00e1stechnikai eszk\u00f6z\u00f6k beszerz\u00e9s\u00e9re, megl\u00e9v\u0151k karbantart\u00e1s\u00e1ra,<\/p>\n\n\n\n<p>\u25b8 az iskola eszk\u00f6z\u00e1llom\u00e1ny\u00e1nak fejleszt\u00e9s\u00e9re,<\/p>\n\n\n\n<p>\u25b8 drogprevenci\u00f3s programra,<\/p>\n\n\n\n<p>\u25b8 az iskolai sport\u00e9let eszk\u00f6z\u00f6kkel val\u00f3 t\u00e1mogat\u00e1s\u00e1ra<\/p>\n<\/div>\n\n\n\n<div class=\"wp-block-column is-vertically-aligned-center is-style-default has-background is-layout-flow wp-block-column-is-layout-flow\" style=\"border-top-left-radius:15px;border-top-right-radius:15px;border-bottom-left-radius:15px;border-bottom-right-radius:15px;background-color:#cfb674f2;padding-top:var(--wp--preset--spacing--60);padding-right:var(--wp--preset--spacing--50);padding-bottom:var(--wp--preset--spacing--60);padding-left:var(--wp--preset--spacing--50);box-shadow:var(--wp--preset--shadow--deep);flex-basis:50%\">\n<h1 class=\"wp-block-heading has-text-align-center has-newsreader-font-family\" style=\"font-size:clamp(1.743rem, 1.743rem + ((1vw - 0.2rem) * 1.972), 3rem);font-style:normal;font-weight:800\"><strong>Ad\u00f3sz\u00e1munk:<\/strong> 18162675-1-13<\/h1>\n<\/div>\n<\/div>\n\n\n\n<div style=\"height:59px\" aria-hidden=\"true\" class=\"wp-block-spacer wp-container-content-be9105f3\"><\/div>\n\n\n\n<div class=\"wp-block-columns alignwide are-vertically-aligned-bottom is-not-stacked-on-mobile is-layout-flex wp-container-core-columns-is-layout-28f84493 wp-block-columns-is-layout-flex\">\n<div class=\"wp-block-column is-vertically-aligned-bottom is-layout-flow wp-block-column-is-layout-flow\" style=\"flex-basis:80%\">\n<h2 class=\"wp-block-heading alignwide has-text-align-left has-xx-large-font-size\" style=\"font-style:normal;font-weight:300;line-height:0.9\">K\u00f6sz\u00f6nj\u00fck mindenkinek, aki az elm\u00falt \u00e9vekben a Szent-Gy\u00f6rgyi Albert Iskola Alap\u00edtv\u00e1ny sz\u00e1m\u00e1ra aj\u00e1nlotta fel j\u00f6vedelemad\u00f3ja 1 %-\u00e1t!&nbsp;<\/h2>\n<\/div>\n\n\n\n<div class=\"wp-block-column is-vertically-aligned-bottom is-layout-flow wp-block-column-is-layout-flow\" style=\"flex-basis:20%\">\n<p class=\"has-text-align-right has-text-color has-link-color wp-elements-41a78aecfd42d44c75e0e539d1cd7193\" style=\"color:#696969d6;font-size:clamp(0.984rem, 0.984rem + ((1vw - 0.2rem) * 0.809), 1.5rem);\">\u2764\ufe0f<\/p>\n<\/div>\n<\/div>\n<\/div>\n\n\n\n<p class=\"has-text-align-center has-newsreader-font-family\" style=\"font-size:clamp(0.875rem, 0.875rem + ((1vw - 0.2rem) * 0.588), 1.25rem);font-style:normal;font-weight:200;letter-spacing:0.1em\">Egy apr\u00f3 d\u00f6nt\u00e9s \u00d6nnek, hatalmas seg\u00edts\u00e9g nek\u00fcnk.<\/p>\n<\/div><\/div>\n","protected":false},"excerpt":{"rendered":"","protected":false},"author":1,"featured_media":0,"parent":0,"menu_order":0,"comment_status":"closed","ping_status":"closed","template":"","meta":{"footnotes":""},"class_list":["post-351","page","type-page","status-publish","hentry"],"_links":{"self":[{"href":"https:\/\/szentgyorgyialbert.eu\/index.php?rest_route=\/wp\/v2\/pages\/351","targetHints":{"allow":["GET"]}}],"collection":[{"href":"https:\/\/szentgyorgyialbert.eu\/index.php?rest_route=\/wp\/v2\/pages"}],"about":[{"href":"https:\/\/szentgyorgyialbert.eu\/index.php?rest_route=\/wp\/v2\/types\/page"}],"author":[{"embeddable":true,"href":"https:\/\/szentgyorgyialbert.eu\/index.php?rest_route=\/wp\/v2\/users\/1"}],"replies":[{"embeddable":true,"href":"https:\/\/szentgyorgyialbert.eu\/index.php?rest_route=%2Fwp%2Fv2%2Fcomments&post=351"}],"version-history":[{"count":24,"href":"https:\/\/szentgyorgyialbert.eu\/index.php?rest_route=\/wp\/v2\/pages\/351\/revisions"}],"predecessor-version":[{"id":394,"href":"https:\/\/szentgyorgyialbert.eu\/index.php?rest_route=\/wp\/v2\/pages\/351\/revisions\/394"}],"wp:attachment":[{"href":"https:\/\/szentgyorgyialbert.eu\/index.php?rest_route=%2Fwp%2Fv2%2Fmedia&parent=351"}],"curies":[{"name":"wp","href":"https:\/\/api.w.org\/{rel}","templated":true}]}}