{"id":36,"date":"2025-12-24T13:01:44","date_gmt":"2025-12-24T13:01:44","guid":{"rendered":"https:\/\/szentgyorgyialbert.eu\/?page_id=36"},"modified":"2026-03-12T13:48:28","modified_gmt":"2026-03-12T13:48:28","slug":"tamogatasok","status":"publish","type":"page","link":"https:\/\/szentgyorgyialbert.eu\/?page_id=36","title":{"rendered":"ADOM\u00c1NYOK"},"content":{"rendered":"\n<div class=\"wp-block-cover alignfull has-custom-content-position is-position-bottom-center\" style=\"margin-top:0;margin-bottom:0;padding-top:var(--wp--preset--spacing--50);padding-right:var(--wp--preset--spacing--50);padding-bottom:var(--wp--preset--spacing--50);padding-left:var(--wp--preset--spacing--50);min-height:30em;aspect-ratio:unset;\"><img loading=\"lazy\" decoding=\"async\" width=\"1024\" height=\"576\" class=\"wp-block-cover__image-background wp-image-187 size-large\" alt=\"\" src=\"https:\/\/szentgyorgyialbert.eu\/wp-content\/uploads\/2026\/01\/education-day-arrangement-table-with-copy-space-1024x576.webp\" data-object-fit=\"cover\" srcset=\"https:\/\/szentgyorgyialbert.eu\/wp-content\/uploads\/2026\/01\/education-day-arrangement-table-with-copy-space-1024x576.webp 1024w, https:\/\/szentgyorgyialbert.eu\/wp-content\/uploads\/2026\/01\/education-day-arrangement-table-with-copy-space-300x169.webp 300w, https:\/\/szentgyorgyialbert.eu\/wp-content\/uploads\/2026\/01\/education-day-arrangement-table-with-copy-space-768x432.webp 768w, https:\/\/szentgyorgyialbert.eu\/wp-content\/uploads\/2026\/01\/education-day-arrangement-table-with-copy-space.webp 1080w\" sizes=\"auto, (max-width: 1024px) 100vw, 1024px\" \/><span aria-hidden=\"true\" class=\"wp-block-cover__background has-contrast-background-color has-background-dim-20 has-background-dim\"><\/span><div class=\"wp-block-cover__inner-container has-global-padding is-layout-constrained wp-container-core-cover-is-layout-d89aad35 wp-block-cover-is-layout-constrained\">\n<div class=\"wp-block-group alignwide has-newsreader-font-family has-global-padding is-content-justification-left is-layout-constrained wp-container-core-group-is-layout-12dd3699 wp-block-group-is-layout-constrained\">\n<h2 class=\"wp-block-heading has-text-align-left has-xx-large-font-size\">Alap\u00edtv\u00e1nyunk c\u00e9lja,<\/h2>\n\n\n\n<p class=\"has-newsreader-font-family\" style=\"font-size:clamp(0.984rem, 0.984rem + ((1vw - 0.2rem) * 0.809), 1.5rem);font-style:normal;font-weight:400\"><br>hogy hozz\u00e1j\u00e1ruljon az iskola kultur\u00e1lis \u00e9let\u00e9nek a sz\u00ednes\u00edt\u00e9s\u00e9hez; anyagilag \u00e9s erk\u00f6lcsileg is t\u00e1mogassa az iskol\u00e1ban foly\u00f3 oktat\u00f3-\u00e9s nevel\u0151 munk\u00e1t, seg\u00edtse tanul\u00f3inak szellemi, erk\u00f6lcsi \u00e9s testi nevel\u00e9s\u00e9t.&nbsp;<\/p>\n<\/div>\n<\/div><\/div>\n\n\n\n<div class=\"wp-block-group alignfull is-style-default has-background has-newsreader-font-family has-global-padding is-layout-constrained wp-block-group-is-layout-constrained\" style=\"background-color:#e5ffd9;margin-top:0;margin-bottom:0;padding-top:var(--wp--preset--spacing--50);padding-bottom:var(--wp--preset--spacing--50)\">\n<div class=\"wp-block-columns alignwide is-layout-flex wp-container-core-columns-is-layout-47c06fe3 wp-block-columns-is-layout-flex\">\n<div class=\"wp-block-column is-vertically-aligned-center is-layout-flow wp-block-column-is-layout-flow\" style=\"padding-top:var(--wp--preset--spacing--40);flex-basis:71%\">\n<h2 class=\"wp-block-heading has-xx-large-font-size\">T\u00e1mogat\u00e1st ny\u00fajtunk<\/h2>\n\n\n\n<p style=\"font-size:clamp(0.984rem, 0.984rem + ((1vw - 0.2rem) * 0.809), 1.5rem);font-style:normal;font-weight:400\"><br>Adom\u00e1nnyal t\u00e1mogatjuk a tanul\u00e1st seg\u00edt\u0151 tan\u00f3r\u00e1n k\u00edv\u00fcli programokat is: szakk\u00f6r\u00f6k, sporttev\u00e9kenys\u00e9gek, a kimagasl\u00f3 tehets\u00e9gek gondoz\u00e1s\u00e1t, seg\u00edt\u00e9s\u00e9t, a szabadid\u0151 hasznos elt\u00f6lt\u00e9s\u00e9t \u00e9s a k\u00f6z\u00f6ss\u00e9g\u00e9p\u00edt\u0151 programok kialak\u00edt\u00e1s\u00e1t.&nbsp;<\/p>\n<\/div>\n\n\n\n<div class=\"wp-block-column is-vertically-aligned-center is-layout-flow wp-block-column-is-layout-flow\" style=\"padding-top:1em;flex-basis:30%\">\n<figure class=\"wp-block-image size-full has-custom-border\"><img loading=\"lazy\" decoding=\"async\" width=\"720\" height=\"1080\" src=\"https:\/\/szentgyorgyialbert.eu\/wp-content\/uploads\/2026\/01\/kids-using-tablet-laptop-work-listening-music.webp\" alt=\"\" class=\"wp-image-188\" style=\"border-top-left-radius:15px;border-top-right-radius:15px;border-bottom-left-radius:15px;border-bottom-right-radius:15px;aspect-ratio:1;object-fit:cover\" srcset=\"https:\/\/szentgyorgyialbert.eu\/wp-content\/uploads\/2026\/01\/kids-using-tablet-laptop-work-listening-music.webp 720w, https:\/\/szentgyorgyialbert.eu\/wp-content\/uploads\/2026\/01\/kids-using-tablet-laptop-work-listening-music-200x300.webp 200w, https:\/\/szentgyorgyialbert.eu\/wp-content\/uploads\/2026\/01\/kids-using-tablet-laptop-work-listening-music-683x1024.webp 683w\" sizes=\"auto, (max-width: 720px) 100vw, 720px\" \/><\/figure>\n<\/div>\n<\/div>\n\n\n\n<div style=\"height:2em\" aria-hidden=\"true\" class=\"wp-block-spacer\"><\/div>\n<\/div>\n\n\n\n<div class=\"wp-block-group alignfull is-style-default has-background has-newsreader-font-family is-layout-flow wp-container-core-group-is-layout-932f1ebc wp-block-group-is-layout-flow\" style=\"background-color:#f9f9f9;margin-top:0;margin-bottom:0;padding-top:var(--wp--preset--spacing--60);padding-right:0;padding-bottom:var(--wp--preset--spacing--60);padding-left:0\">\n<div style=\"height:4em\" aria-hidden=\"true\" class=\"wp-block-spacer\"><\/div>\n\n\n\n<div class=\"wp-block-group has-global-padding is-layout-constrained wp-block-group-is-layout-constrained\">\n<figure class=\"wp-block-image size-full has-custom-border\"><img loading=\"lazy\" decoding=\"async\" width=\"1080\" height=\"720\" src=\"https:\/\/szentgyorgyialbert.eu\/wp-content\/uploads\/2026\/01\/empty-classroom-due-coronavirus-pandemic.webp\" alt=\"\" class=\"wp-image-191\" style=\"border-top-left-radius:15px;border-top-right-radius:15px;border-bottom-left-radius:15px;border-bottom-right-radius:15px\" srcset=\"https:\/\/szentgyorgyialbert.eu\/wp-content\/uploads\/2026\/01\/empty-classroom-due-coronavirus-pandemic.webp 1080w, https:\/\/szentgyorgyialbert.eu\/wp-content\/uploads\/2026\/01\/empty-classroom-due-coronavirus-pandemic-300x200.webp 300w, https:\/\/szentgyorgyialbert.eu\/wp-content\/uploads\/2026\/01\/empty-classroom-due-coronavirus-pandemic-1024x683.webp 1024w, https:\/\/szentgyorgyialbert.eu\/wp-content\/uploads\/2026\/01\/empty-classroom-due-coronavirus-pandemic-768x512.webp 768w\" sizes=\"auto, (max-width: 1080px) 100vw, 1080px\" \/><\/figure>\n\n\n\n<div class=\"wp-block-group alignfull has-global-padding is-layout-constrained wp-container-core-group-is-layout-d3af32b5 wp-block-group-is-layout-constrained\" style=\"margin-top:var(--wp--preset--spacing--50);margin-bottom:var(--wp--preset--spacing--50)\">\n<h2 class=\"wp-block-heading has-text-align-center has-newsreader-font-family\" style=\"font-size:clamp(2.2rem, 2.2rem + ((1vw - 0.2rem) * 2.824), 4rem);font-style:normal;font-weight:500;letter-spacing:-0.02em;line-height:1\"><br>Fontos sz\u00e1munkra<\/h2>\n\n\n\n<p class=\"has-text-align-center wp-block-heading has-newsreader-font-family\" style=\"font-size:clamp(1.25rem, 1.25rem + ((1vw - 0.2rem) * 1.176), 2rem);font-style:normal;font-weight:300\">az iskolai k\u00f6rnyezet eszt\u00e9tikus, rendezett, modern, otthonos \u00e1llapota \u00e9s, hogy az alkalmazott technikai k\u00f6rnyezet m\u0171k\u00f6d\u0151k\u00e9pes legyen; <\/p>\n\n\n\n<p class=\"has-text-align-center wp-block-heading has-newsreader-font-family\" style=\"font-size:clamp(1.25rem, 1.25rem + ((1vw - 0.2rem) * 1.176), 2rem);font-style:normal;font-weight:300\">ez\u00e9rt a tan\u00f3rai munka t\u00e1mogat\u00e1s\u00e1hoz eszk\u00f6z\u00f6ket szerz\u00fcnk be, a megl\u00e9v\u0151 eszk\u00f6zeinket pedig karbantartjuk.<\/p>\n<\/div>\n\n\n\n<div style=\"height:4em\" aria-hidden=\"true\" class=\"wp-block-spacer\"><\/div>\n<\/div>\n<\/div>\n\n\n\n<div class=\"wp-block-cover alignfull has-custom-content-position is-position-bottom-center\" style=\"margin-top:0;margin-bottom:0;padding-top:var(--wp--preset--spacing--50);padding-right:var(--wp--preset--spacing--50);padding-bottom:var(--wp--preset--spacing--50);padding-left:var(--wp--preset--spacing--50);min-height:850px;aspect-ratio:unset;\"><img loading=\"lazy\" decoding=\"async\" width=\"1024\" height=\"1024\" class=\"wp-block-cover__image-background wp-image-192 size-large\" alt=\"\" src=\"https:\/\/szentgyorgyialbert.eu\/wp-content\/uploads\/2026\/01\/young-colleagues-working-together-cafe-1024x1024.webp\" data-object-fit=\"cover\" srcset=\"https:\/\/szentgyorgyialbert.eu\/wp-content\/uploads\/2026\/01\/young-colleagues-working-together-cafe-1024x1024.webp 1024w, https:\/\/szentgyorgyialbert.eu\/wp-content\/uploads\/2026\/01\/young-colleagues-working-together-cafe-300x300.webp 300w, https:\/\/szentgyorgyialbert.eu\/wp-content\/uploads\/2026\/01\/young-colleagues-working-together-cafe-150x150.webp 150w, https:\/\/szentgyorgyialbert.eu\/wp-content\/uploads\/2026\/01\/young-colleagues-working-together-cafe-768x768.webp 768w, https:\/\/szentgyorgyialbert.eu\/wp-content\/uploads\/2026\/01\/young-colleagues-working-together-cafe.webp 1080w\" sizes=\"auto, (max-width: 1024px) 100vw, 1024px\" \/><span aria-hidden=\"true\" class=\"wp-block-cover__background has-background-dim-30 has-background-dim\"><\/span><div class=\"wp-block-cover__inner-container has-global-padding is-layout-constrained wp-container-core-cover-is-layout-d89aad35 wp-block-cover-is-layout-constrained\">\n<div style=\"height:4em\" aria-hidden=\"true\" class=\"wp-block-spacer\"><\/div>\n\n\n\n<div class=\"wp-block-group alignwide has-newsreader-font-family has-global-padding is-content-justification-center is-layout-constrained wp-block-group-is-layout-constrained\">\n<p class=\"has-text-align-center wp-block-heading has-newsreader-font-family\" style=\"font-size:clamp(1.502rem, 1.502rem + ((1vw - 0.2rem) * 1.565), 2.5rem);font-style:normal;font-weight:400\">Bev\u00e9tel\u00fcnk a sz\u00fcl\u0151i felaj\u00e1nl\u00e1sokb\u00f3l tev\u0151dik \u00f6ssze:<\/p>\n\n\n\n<p class=\"has-text-align-center wp-block-heading has-newsreader-font-family\" style=\"font-size:clamp(1.743rem, 1.743rem + ((1vw - 0.2rem) * 1.972), 3rem);font-style:normal;font-weight:500\">az ad\u00f3 1% felaj\u00e1nl\u00e1s\u00e1val<\/p>\n\n\n\n<p class=\"has-text-align-center wp-block-heading has-newsreader-font-family\" style=\"margin-top:0;margin-bottom:0;font-size:clamp(1.25rem, 1.25rem + ((1vw - 0.2rem) * 1.176), 2rem);font-style:normal;font-weight:400\">\u00e9s a k\u00f6zvetlen p\u00e9nzbeli hozz\u00e1j\u00e1rul\u00e1sokkal.<\/p>\n\n\n\n<p class=\"has-text-align-center has-newsreader-font-family\" style=\"font-size:clamp(1.172rem, 1.172rem + ((1vw - 0.2rem) * 1.064), 1.85rem);font-style:normal;font-weight:300\">K\u00e9rj\u00fck t\u00e1mogassa \u00d6n is alap\u00edtv\u00e1nyunkat, hogy t\u00f6bbet tehess\u00fcnk gyermekeink\u00e9rt.<\/p>\n\n\n\n<div style=\"margin-top:0em;margin-bottom:0em;height:0.5em\" aria-hidden=\"true\" class=\"wp-block-spacer\"><\/div>\n\n\n\n<p class=\"has-text-align-center has-newsreader-font-family\" style=\"font-size:clamp(1.403rem, 1.403rem + ((1vw - 0.2rem) * 1.407), 2.3rem);font-style:normal;font-weight:400\">Sz\u00e1mlasz\u00e1munk: 11716008-2008906<\/p>\n\n\n\n<p class=\"has-text-align-center\" style=\"font-size:clamp(0.984rem, 0.984rem + ((1vw - 0.2rem) * 0.809), 1.5rem);font-style:normal;font-weight:400\">vagy adom\u00e1nyozzon a <strong>whydonate<\/strong>-on kereszt\u00fcl, mert j\u00f3<\/p>\n<\/div>\n\n\n\n<div class=\"wp-block-group is-layout-flow wp-block-group-is-layout-flow\">\n<center><div>\n    <div        id=\"widget-here-RGfBO\"        class=\"widget-here\"        data-shortcode=\"RGfBO\"        data-lang=\"auto\"        value=\"donation-widget\"><\/div><\/div>\n<link    rel=\"stylesheet\"    href=\"https:\/\/plugin.whydonate.com\/wdplugin-style.css\"\/><script    src=\"https:\/\/plugin.whydonate.com\/wp_styling.js\"    type=\"text\/javascript\"><\/script><\/center>\n\n\n\n<figure class=\"wp-block-image aligncenter size-full is-resized\"><img loading=\"lazy\" decoding=\"async\" width=\"500\" height=\"86\" src=\"https:\/\/szentgyorgyialbert.eu\/wp-content\/uploads\/2026\/01\/whydonate-1723715814.webp\" alt=\"\" class=\"wp-image-337\" style=\"width:122px;height:auto\" srcset=\"https:\/\/szentgyorgyialbert.eu\/wp-content\/uploads\/2026\/01\/whydonate-1723715814.webp 500w, https:\/\/szentgyorgyialbert.eu\/wp-content\/uploads\/2026\/01\/whydonate-1723715814-300x52.webp 300w\" sizes=\"auto, (max-width: 500px) 100vw, 500px\" \/><\/figure>\n<\/div>\n\n\n\n<div style=\"height:3em\" aria-hidden=\"true\" class=\"wp-block-spacer\"><\/div>\n<\/div><\/div>\n","protected":false},"excerpt":{"rendered":"<p>T\u00e1mogat\u00e1st ny\u00fajtunk Adom\u00e1nnyal t\u00e1mogatjuk a tanul\u00e1st seg\u00edt\u0151 tan\u00f3r\u00e1n k\u00edv\u00fcli programokat is: szakk\u00f6r\u00f6k, sporttev\u00e9kenys\u00e9gek, a kimagasl\u00f3 tehets\u00e9gek gondoz\u00e1s\u00e1t, seg\u00edt\u00e9s\u00e9t, a szabadid\u0151 hasznos elt\u00f6lt\u00e9s\u00e9t \u00e9s a k\u00f6z\u00f6ss\u00e9g\u00e9p\u00edt\u0151 programok kialak\u00edt\u00e1s\u00e1t.&nbsp; Fontos sz\u00e1munkra az iskolai k\u00f6rnyezet eszt\u00e9tikus, rendezett, modern, otthonos \u00e1llapota \u00e9s, hogy az alkalmazott technikai k\u00f6rnyezet m\u0171k\u00f6d\u0151k\u00e9pes legyen; ez\u00e9rt a tan\u00f3rai munka t\u00e1mogat\u00e1s\u00e1hoz eszk\u00f6z\u00f6ket szerz\u00fcnk be, a megl\u00e9v\u0151 [&hellip;]<\/p>\n","protected":false},"author":1,"featured_media":0,"parent":0,"menu_order":0,"comment_status":"closed","ping_status":"closed","template":"","meta":{"footnotes":""},"class_list":["post-36","page","type-page","status-publish","hentry"],"_links":{"self":[{"href":"https:\/\/szentgyorgyialbert.eu\/index.php?rest_route=\/wp\/v2\/pages\/36","targetHints":{"allow":["GET"]}}],"collection":[{"href":"https:\/\/szentgyorgyialbert.eu\/index.php?rest_route=\/wp\/v2\/pages"}],"about":[{"href":"https:\/\/szentgyorgyialbert.eu\/index.php?rest_route=\/wp\/v2\/types\/page"}],"author":[{"embeddable":true,"href":"https:\/\/szentgyorgyialbert.eu\/index.php?rest_route=\/wp\/v2\/users\/1"}],"replies":[{"embeddable":true,"href":"https:\/\/szentgyorgyialbert.eu\/index.php?rest_route=%2Fwp%2Fv2%2Fcomments&post=36"}],"version-history":[{"count":94,"href":"https:\/\/szentgyorgyialbert.eu\/index.php?rest_route=\/wp\/v2\/pages\/36\/revisions"}],"predecessor-version":[{"id":442,"href":"https:\/\/szentgyorgyialbert.eu\/index.php?rest_route=\/wp\/v2\/pages\/36\/revisions\/442"}],"wp:attachment":[{"href":"https:\/\/szentgyorgyialbert.eu\/index.php?rest_route=%2Fwp%2Fv2%2Fmedia&parent=36"}],"curies":[{"name":"wp","href":"https:\/\/api.w.org\/{rel}","templated":true}]}}